{"id":2187,"date":"2020-06-18T04:32:25","date_gmt":"2020-06-18T04:32:25","guid":{"rendered":"https:\/\/lar.si\/?post_type=product&#038;p=2187"},"modified":"2025-05-24T10:02:19","modified_gmt":"2025-05-24T10:02:19","slug":"kolo-crna-elasticna-guma-za-tezje-obremenitve-606-250x84-mm-3-00-4-z-vrtljivo-plosco-kroglicni-lezaj","status":"publish","type":"product","link":"https:\/\/lar.si\/en\/trgovina\/kolo-crna-elasticna-guma-za-tezje-obremenitve-606-250x84-mm-3-00-4-z-vrtljivo-plosco-kroglicni-lezaj\/","title":{"rendered":"Kolo \u010drna elasti\u010dna guma za te\u017eje obremenitve 606; 250&#215;84 mm (3.00-4), z vrtljivo plo\u0161\u010do, krogli\u010dni le\u017eaj"},"content":{"rendered":"<p><strong>Kakovostna transportna industrijska kolesa, z dolgo \u017eivljenjsko dobo, proizvedena v Evropi.<\/strong><br \/>\nKolo je odporno proti obrabi, z zelo dobrimi kotalnimi lastnostmi za te\u017eke tovore, ki izpolnjujejo zelo visoke zahteve vo\u017enje kolesa po podlagi.<br \/>\nPosebej primerno za intenzivno uporabo pri velikih obremenitvah na umazanih tleh, pod robustnimi pogoji, ohranja nizki kotalni upor in visoko kotalno udobje.<br \/>\nNajve\u010dja hitrost kolesa je 25 km\/h, vendar je nosilnost veliko manj\u0161a, kot je navedeno v katalogu, kjer se izra\u010duna glede na nosilnost je hitrost kolesa 4-6 km \/h.<\/p>\n<p>Mo\u017ene izvedbe v razli\u010dnih velikostih:<strong> 306&#215;93 mm<\/strong> (4.00-4),<strong> 406&#215;104 mm<\/strong> (4.00-8), <strong>457&#215;122 mm<\/strong> (5.00-8).<\/p>\n<p><strong>Tehni\u010dni podatki:<\/strong><br \/>\nPremer kolesa (fi): 250 mm (3.00-4)<br \/>\n\u0160irina kolesa: 84 mm<br \/>\nSkupna vi\u0161ina: 305 mm<br \/>\nDimenzija plo\u0161\u010de: 175 x 140 mm<br \/>\nLe\u017eaj: krogli\u010dni le\u017eaj<br \/>\nNosilnost po kolesu: 450 kg<br \/>\nHitrost kolesa: 4-6 km \/h.<br \/>\nRok dobave: 3 do 4 tedne<\/p>","protected":false},"excerpt":{"rendered":"<p>Kakovostna transportna industrijska kolesa, z dolgo \u017eivljenjsko dobo, proizvedena v Evropi. Kolo je odporno proti obrabi, z zelo dobrimi kotalnimi lastnostmi za te\u017eke tovore, ki izpolnjujejo zelo visoke zahteve vo\u017enje kolesa po podlagi. Posebej primerno za intenzivno uporabo pri velikih obremenitvah na umazanih tleh, pod robustnimi pogoji, ohranja nizki kotalni upor in visoko kotalno udobje. [&hellip;]<\/p>\n","protected":false},"featured_media":5088,"template":"","meta":[],"product_brand":[],"product_cat":[56,66,42],"product_tag":[],"class_list":{"0":"post-2187","1":"product","2":"type-product","3":"status-publish","4":"has-post-thumbnail","6":"product_cat-guma","7":"product_cat-material_obloge","8":"product_cat-transportna_kolesa","9":"pa_lezaj-kroglicni","10":"pa_nosilnost-nad-500kg","11":"pa_premer_fi-250-mm","13":"entry","14":"has-media","16":"first","17":"onbackorder","18":"taxable","19":"shipping-taxable","20":"purchasable","21":"product-type-simple","22":"has-product-nav","23":"col","24":"span_1_of_3","25":"owp-content-center","26":"owp-thumbs-layout-horizontal","27":"owp-btn-normal","28":"owp-tabs-layout-horizontal","29":"has-no-thumbnails"},"_links":{"self":[{"href":"https:\/\/lar.si\/en\/wp-json\/wp\/v2\/product\/2187","targetHints":{"allow":["GET"]}}],"collection":[{"href":"https:\/\/lar.si\/en\/wp-json\/wp\/v2\/product"}],"about":[{"href":"https:\/\/lar.si\/en\/wp-json\/wp\/v2\/types\/product"}],"wp:featuredmedia":[{"embeddable":true,"href":"https:\/\/lar.si\/en\/wp-json\/wp\/v2\/media\/5088"}],"wp:attachment":[{"href":"https:\/\/lar.si\/en\/wp-json\/wp\/v2\/media?parent=2187"}],"wp:term":[{"taxonomy":"product_brand","embeddable":true,"href":"https:\/\/lar.si\/en\/wp-json\/wp\/v2\/product_brand?post=2187"},{"taxonomy":"product_cat","embeddable":true,"href":"https:\/\/lar.si\/en\/wp-json\/wp\/v2\/product_cat?post=2187"},{"taxonomy":"product_tag","embeddable":true,"href":"https:\/\/lar.si\/en\/wp-json\/wp\/v2\/product_tag?post=2187"}],"curies":[{"name":"wp","href":"https:\/\/api.w.org\/{rel}","templated":true}]}}