{"id":2043,"date":"2020-05-05T10:05:31","date_gmt":"2020-05-05T10:05:31","guid":{"rendered":"https:\/\/lar.si\/?post_type=product&#038;p=2043"},"modified":"2025-05-24T10:01:57","modified_gmt":"2025-05-24T10:01:57","slug":"valj-kovinski-pocinkan-kk320-60x20-a12-g-el1075","status":"publish","type":"product","link":"https:\/\/lar.si\/en\/trgovina\/valj-kovinski-pocinkan-kk320-60x20-a12-g-el1075\/","title":{"rendered":"Valj kovinski pocinkan KK320 60&#215;2,0 A12 G EL=1075"},"content":{"rendered":"<p><strong>Lastna proizvodnja kakovostnih transportnih industrijskih valjev, z dolgo \u017eivljenjsko dobo.<\/strong><br \/>\n<strong>Kovinski pocinkan valj, krogli\u010dni le\u017eaj, nosilnost po valju 160\u00a0 kg.<\/strong><\/p>\n<p><strong>Tehni\u010dni podatki:<\/strong><br \/>\nZunanji premer valja (fi): 60 mm<br \/>\nPremer nosilne osi (fi): 12 mm<br \/>\nDebelina stene valja (Ds): 2,0 mm<br \/>\nVgradna mera valja (EL): 1075 mm<br \/>\nDol\u017eina nosilne osi (AL): 1093 mm<br \/>\nPritrditev valja: gladka \u2013 fiksna os<br \/>\nLe\u017eaj: krogli\u010dni le\u017eaj<br \/>\nNosilnost po valju: 160 kg<\/p>","protected":false},"excerpt":{"rendered":"<p>Lastna proizvodnja kakovostnih transportnih industrijskih valjev, z dolgo \u017eivljenjsko dobo. Kovinski pocinkan valj, krogli\u010dni le\u017eaj, nosilnost po valju 160\u00a0 kg. Tehni\u010dni podatki: Zunanji premer valja (fi): 60 mm Premer nosilne osi (fi): 12 mm Debelina stene valja (Ds): 2,0 mm Vgradna mera valja (EL): 1075 mm Dol\u017eina nosilne osi (AL): 1093 mm Pritrditev valja: gladka [&hellip;]<\/p>\n","protected":false},"featured_media":5059,"template":"","meta":{"ocean_post_layout":"","ocean_both_sidebars_style":"","ocean_both_sidebars_content_width":0,"ocean_both_sidebars_sidebars_width":0,"ocean_sidebar":"","ocean_second_sidebar":"","ocean_disable_margins":"enable","ocean_add_body_class":"","ocean_shortcode_before_top_bar":"","ocean_shortcode_after_top_bar":"","ocean_shortcode_before_header":"","ocean_shortcode_after_header":"","ocean_has_shortcode":"","ocean_shortcode_after_title":"","ocean_shortcode_before_footer_widgets":"","ocean_shortcode_after_footer_widgets":"","ocean_shortcode_before_footer_bottom":"","ocean_shortcode_after_footer_bottom":"","ocean_display_top_bar":"default","ocean_display_header":"default","ocean_header_style":"","ocean_center_header_left_menu":"","ocean_custom_header_template":"","ocean_custom_logo":0,"ocean_custom_retina_logo":0,"ocean_custom_logo_max_width":0,"ocean_custom_logo_tablet_max_width":0,"ocean_custom_logo_mobile_max_width":0,"ocean_custom_logo_max_height":0,"ocean_custom_logo_tablet_max_height":0,"ocean_custom_logo_mobile_max_height":0,"ocean_header_custom_menu":"","ocean_menu_typo_font_family":"","ocean_menu_typo_font_subset":"","ocean_menu_typo_font_size":0,"ocean_menu_typo_font_size_tablet":0,"ocean_menu_typo_font_size_mobile":0,"ocean_menu_typo_font_size_unit":"px","ocean_menu_typo_font_weight":"","ocean_menu_typo_font_weight_tablet":"","ocean_menu_typo_font_weight_mobile":"","ocean_menu_typo_transform":"","ocean_menu_typo_transform_tablet":"","ocean_menu_typo_transform_mobile":"","ocean_menu_typo_line_height":0,"ocean_menu_typo_line_height_tablet":0,"ocean_menu_typo_line_height_mobile":0,"ocean_menu_typo_line_height_unit":"","ocean_menu_typo_spacing":0,"ocean_menu_typo_spacing_tablet":0,"ocean_menu_typo_spacing_mobile":0,"ocean_menu_typo_spacing_unit":"","ocean_menu_link_color":"","ocean_menu_link_color_hover":"","ocean_menu_link_color_active":"","ocean_menu_link_background":"","ocean_menu_link_hover_background":"","ocean_menu_link_active_background":"","ocean_menu_social_links_bg":"","ocean_menu_social_hover_links_bg":"","ocean_menu_social_links_color":"","ocean_menu_social_hover_links_color":"","ocean_disable_title":"default","ocean_disable_heading":"default","ocean_post_title":"","ocean_post_subheading":"","ocean_post_title_style":"","ocean_post_title_background_color":"","ocean_post_title_background":0,"ocean_post_title_bg_image_position":"","ocean_post_title_bg_image_attachment":"","ocean_post_title_bg_image_repeat":"","ocean_post_title_bg_image_size":"","ocean_post_title_height":0,"ocean_post_title_bg_overlay":0.5,"ocean_post_title_bg_overlay_color":"","ocean_disable_breadcrumbs":"default","ocean_breadcrumbs_color":"","ocean_breadcrumbs_separator_color":"","ocean_breadcrumbs_links_color":"","ocean_breadcrumbs_links_hover_color":"","ocean_display_footer_widgets":"default","ocean_display_footer_bottom":"default","ocean_custom_footer_template":""},"product_brand":[],"product_cat":[74,75,63],"product_tag":[],"class_list":{"0":"post-2043","1":"product","2":"type-product","3":"status-publish","4":"has-post-thumbnail","6":"product_cat-material-valja","7":"product_cat-pocinkan","8":"product_cat-transportni_valji","9":"pa_lezaj-kroglicni","10":"pa_nosilnost-201-300kg","11":"pa_premer_fi-60-mm","13":"entry","14":"has-media","16":"first","17":"instock","18":"featured","19":"taxable","20":"shipping-taxable","21":"product-type-simple","22":"has-product-nav","23":"col","24":"span_1_of_3","25":"owp-content-center","26":"owp-thumbs-layout-horizontal","27":"owp-btn-normal","28":"owp-tabs-layout-horizontal","29":"has-no-thumbnails"},"_links":{"self":[{"href":"https:\/\/lar.si\/en\/wp-json\/wp\/v2\/product\/2043","targetHints":{"allow":["GET"]}}],"collection":[{"href":"https:\/\/lar.si\/en\/wp-json\/wp\/v2\/product"}],"about":[{"href":"https:\/\/lar.si\/en\/wp-json\/wp\/v2\/types\/product"}],"wp:featuredmedia":[{"embeddable":true,"href":"https:\/\/lar.si\/en\/wp-json\/wp\/v2\/media\/5059"}],"wp:attachment":[{"href":"https:\/\/lar.si\/en\/wp-json\/wp\/v2\/media?parent=2043"}],"wp:term":[{"taxonomy":"product_brand","embeddable":true,"href":"https:\/\/lar.si\/en\/wp-json\/wp\/v2\/product_brand?post=2043"},{"taxonomy":"product_cat","embeddable":true,"href":"https:\/\/lar.si\/en\/wp-json\/wp\/v2\/product_cat?post=2043"},{"taxonomy":"product_tag","embeddable":true,"href":"https:\/\/lar.si\/en\/wp-json\/wp\/v2\/product_tag?post=2043"}],"curies":[{"name":"wp","href":"https:\/\/api.w.org\/{rel}","templated":true}]}}