{"id":2016,"date":"2020-05-04T09:39:06","date_gmt":"2020-05-04T09:39:06","guid":{"rendered":"https:\/\/lar.si\/?post_type=product&#038;p=2016"},"modified":"2025-05-24T10:01:42","modified_gmt":"2025-05-24T10:01:42","slug":"valj-kovinski-inox-kx3-603-x-15-g1p-a12-nn8x15-el1224","status":"publish","type":"product","link":"https:\/\/lar.si\/en\/trgovina\/valj-kovinski-inox-kx3-603-x-15-g1p-a12-nn8x15-el1224\/","title":{"rendered":"Valj kovinski INOX KX3 60,3 x 1,5 G1P A12 NN8x15 EL=1224"},"content":{"rendered":"<p><strong>Lastna proizvodnja kakovostnih transportnih industrijskih valjev, z dolgo \u017eivljenjsko dobo.<\/strong><br \/>\n<strong>Kovinski INOX gnani valj, inox krogli\u010dni le\u017eaj, nosilnost po valju 40\u00a0 kg.<\/strong><\/p>\n<p><strong>Tehni\u010dni podatki:<\/strong><br \/>\nZunanji premer valja (fi): 60,3 mm<br \/>\nPremer nosilne osi (fi): 12 mm<br \/>\nDebelina stene valja (Ds): 1,5 mm<br \/>\nVgradna mera valja (EL): 1224 mm<br \/>\nDol\u017eina nosilne osi (AL): 1224 mm<br \/>\nIzvedba: veri\u017enik frikc. Poly-V<br \/>\nPritrditev valja: notranji navoj<br \/>\nLe\u017eaj: inox krogli\u010dni<br \/>\nNosilnost po valju: 40 kg<\/p>","protected":false},"excerpt":{"rendered":"<p>Lastna proizvodnja kakovostnih transportnih industrijskih valjev, z dolgo \u017eivljenjsko dobo. Kovinski INOX gnani valj, inox krogli\u010dni le\u017eaj, nosilnost po valju 40\u00a0 kg. Tehni\u010dni podatki: Zunanji premer valja (fi): 60,3 mm Premer nosilne osi (fi): 12 mm Debelina stene valja (Ds): 1,5 mm Vgradna mera valja (EL): 1224 mm Dol\u017eina nosilne osi (AL): 1224 mm Izvedba: [&hellip;]<\/p>\n","protected":false},"featured_media":5056,"template":"","meta":{"ocean_post_layout":"","ocean_both_sidebars_style":"","ocean_both_sidebars_content_width":0,"ocean_both_sidebars_sidebars_width":0,"ocean_sidebar":"","ocean_second_sidebar":"","ocean_disable_margins":"enable","ocean_add_body_class":"","ocean_shortcode_before_top_bar":"","ocean_shortcode_after_top_bar":"","ocean_shortcode_before_header":"","ocean_shortcode_after_header":"","ocean_has_shortcode":"","ocean_shortcode_after_title":"","ocean_shortcode_before_footer_widgets":"","ocean_shortcode_after_footer_widgets":"","ocean_shortcode_before_footer_bottom":"","ocean_shortcode_after_footer_bottom":"","ocean_display_top_bar":"default","ocean_display_header":"default","ocean_header_style":"","ocean_center_header_left_menu":"","ocean_custom_header_template":"","ocean_custom_logo":0,"ocean_custom_retina_logo":0,"ocean_custom_logo_max_width":0,"ocean_custom_logo_tablet_max_width":0,"ocean_custom_logo_mobile_max_width":0,"ocean_custom_logo_max_height":0,"ocean_custom_logo_tablet_max_height":0,"ocean_custom_logo_mobile_max_height":0,"ocean_header_custom_menu":"","ocean_menu_typo_font_family":"","ocean_menu_typo_font_subset":"","ocean_menu_typo_font_size":0,"ocean_menu_typo_font_size_tablet":0,"ocean_menu_typo_font_size_mobile":0,"ocean_menu_typo_font_size_unit":"px","ocean_menu_typo_font_weight":"","ocean_menu_typo_font_weight_tablet":"","ocean_menu_typo_font_weight_mobile":"","ocean_menu_typo_transform":"","ocean_menu_typo_transform_tablet":"","ocean_menu_typo_transform_mobile":"","ocean_menu_typo_line_height":0,"ocean_menu_typo_line_height_tablet":0,"ocean_menu_typo_line_height_mobile":0,"ocean_menu_typo_line_height_unit":"","ocean_menu_typo_spacing":0,"ocean_menu_typo_spacing_tablet":0,"ocean_menu_typo_spacing_mobile":0,"ocean_menu_typo_spacing_unit":"","ocean_menu_link_color":"","ocean_menu_link_color_hover":"","ocean_menu_link_color_active":"","ocean_menu_link_background":"","ocean_menu_link_hover_background":"","ocean_menu_link_active_background":"","ocean_menu_social_links_bg":"","ocean_menu_social_hover_links_bg":"","ocean_menu_social_links_color":"","ocean_menu_social_hover_links_color":"","ocean_disable_title":"default","ocean_disable_heading":"default","ocean_post_title":"","ocean_post_subheading":"","ocean_post_title_style":"","ocean_post_title_background_color":"","ocean_post_title_background":0,"ocean_post_title_bg_image_position":"","ocean_post_title_bg_image_attachment":"","ocean_post_title_bg_image_repeat":"","ocean_post_title_bg_image_size":"","ocean_post_title_height":0,"ocean_post_title_bg_overlay":0.5,"ocean_post_title_bg_overlay_color":"","ocean_disable_breadcrumbs":"default","ocean_breadcrumbs_color":"","ocean_breadcrumbs_separator_color":"","ocean_breadcrumbs_links_color":"","ocean_breadcrumbs_links_hover_color":"","ocean_display_footer_widgets":"default","ocean_display_footer_bottom":"default","ocean_custom_footer_template":""},"product_brand":[],"product_cat":[78,74,63],"product_tag":[],"class_list":{"0":"post-2016","1":"product","2":"type-product","3":"status-publish","4":"has-post-thumbnail","6":"product_cat-inox_valj","7":"product_cat-material-valja","8":"product_cat-transportni_valji","9":"pa_lezaj-kroglicni-inox","10":"pa_nosilnost-do-50kg","11":"pa_premer_fi-603-mm","12":"pa_premer-fi-603-mm","14":"entry","15":"has-media","17":"first","18":"instock","19":"featured","20":"taxable","21":"shipping-taxable","22":"product-type-simple","23":"has-product-nav","24":"col","25":"span_1_of_3","26":"owp-content-center","27":"owp-thumbs-layout-horizontal","28":"owp-btn-normal","29":"owp-tabs-layout-horizontal","30":"has-no-thumbnails"},"_links":{"self":[{"href":"https:\/\/lar.si\/en\/wp-json\/wp\/v2\/product\/2016","targetHints":{"allow":["GET"]}}],"collection":[{"href":"https:\/\/lar.si\/en\/wp-json\/wp\/v2\/product"}],"about":[{"href":"https:\/\/lar.si\/en\/wp-json\/wp\/v2\/types\/product"}],"wp:featuredmedia":[{"embeddable":true,"href":"https:\/\/lar.si\/en\/wp-json\/wp\/v2\/media\/5056"}],"wp:attachment":[{"href":"https:\/\/lar.si\/en\/wp-json\/wp\/v2\/media?parent=2016"}],"wp:term":[{"taxonomy":"product_brand","embeddable":true,"href":"https:\/\/lar.si\/en\/wp-json\/wp\/v2\/product_brand?post=2016"},{"taxonomy":"product_cat","embeddable":true,"href":"https:\/\/lar.si\/en\/wp-json\/wp\/v2\/product_cat?post=2016"},{"taxonomy":"product_tag","embeddable":true,"href":"https:\/\/lar.si\/en\/wp-json\/wp\/v2\/product_tag?post=2016"}],"curies":[{"name":"wp","href":"https:\/\/api.w.org\/{rel}","templated":true}]}}