{"id":1943,"date":"2020-04-24T10:40:41","date_gmt":"2020-04-24T10:40:41","guid":{"rendered":"https:\/\/lar.si\/?post_type=product&#038;p=1943"},"modified":"2025-05-24T10:01:37","modified_gmt":"2025-05-24T10:01:37","slug":"kolo-poliuretan-38b150x40mm","status":"publish","type":"product","link":"https:\/\/lar.si\/en\/trgovina\/kolo-poliuretan-38b150x40mm\/","title":{"rendered":"Kolo poliuretan 31SEANT; 150x40mm, z vrtljivo plo\u0161\u010do in zavoro, igli\u010dni le\u017eaj"},"content":{"rendered":"<p><strong>Kakovostna transportna industrijska kolesa, z dolgo \u017eivljenjsko dobo, proizvedena v Evropi.<br \/>\nPlasti\u010dno<\/strong><strong> plati\u0161\u010de, obloga poliuretan, z vrtljivo plo\u0161\u010do in zavoro, nosilnost po kolesu 400 kg.<\/strong><\/p>\n<p><strong>Tehni\u010dni podatki:<\/strong><br \/>\nPremer kolesa (fi): 150 mm<br \/>\n\u0160irina kolesa: 40 mm<br \/>\nPritrditev na plo\u0161\u010do : 100 x 85 mm<br \/>\nLe\u017eaj: krogli\u010dni<br \/>\nNosilnost po kolesu: 400 kg<\/p>","protected":false},"excerpt":{"rendered":"<p>Kakovostna transportna industrijska kolesa, z dolgo \u017eivljenjsko dobo, proizvedena v Evropi. Plasti\u010dno plati\u0161\u010de, obloga poliuretan, z vrtljivo plo\u0161\u010do in zavoro, nosilnost po kolesu 400 kg. Tehni\u010dni podatki: Premer kolesa (fi): 150 mm \u0160irina kolesa: 40 mm Pritrditev na plo\u0161\u010do : 100 x 85 mm Le\u017eaj: krogli\u010dni Nosilnost po kolesu: 400 kg<\/p>","protected":false},"featured_media":5052,"template":"","meta":[],"product_brand":[],"product_cat":[66,52,42],"product_tag":[],"class_list":{"0":"post-1943","1":"product","2":"type-product","3":"status-publish","4":"has-post-thumbnail","6":"product_cat-material_obloge","7":"product_cat-poliuretan","8":"product_cat-transportna_kolesa","9":"pa_lezaj-iglicni","10":"pa_nosilnost-201-300kg","11":"pa_premer_fi-150-mm","12":"pa_premer-fi-150-mm","14":"entry","15":"has-media","17":"first","18":"outofstock","19":"featured","20":"taxable","21":"shipping-taxable","22":"purchasable","23":"product-type-simple","24":"has-product-nav","25":"col","26":"span_1_of_3","27":"owp-content-center","28":"owp-thumbs-layout-horizontal","29":"owp-btn-normal","30":"owp-tabs-layout-horizontal","31":"has-no-thumbnails"},"_links":{"self":[{"href":"https:\/\/lar.si\/en\/wp-json\/wp\/v2\/product\/1943","targetHints":{"allow":["GET"]}}],"collection":[{"href":"https:\/\/lar.si\/en\/wp-json\/wp\/v2\/product"}],"about":[{"href":"https:\/\/lar.si\/en\/wp-json\/wp\/v2\/types\/product"}],"wp:featuredmedia":[{"embeddable":true,"href":"https:\/\/lar.si\/en\/wp-json\/wp\/v2\/media\/5052"}],"wp:attachment":[{"href":"https:\/\/lar.si\/en\/wp-json\/wp\/v2\/media?parent=1943"}],"wp:term":[{"taxonomy":"product_brand","embeddable":true,"href":"https:\/\/lar.si\/en\/wp-json\/wp\/v2\/product_brand?post=1943"},{"taxonomy":"product_cat","embeddable":true,"href":"https:\/\/lar.si\/en\/wp-json\/wp\/v2\/product_cat?post=1943"},{"taxonomy":"product_tag","embeddable":true,"href":"https:\/\/lar.si\/en\/wp-json\/wp\/v2\/product_tag?post=1943"}],"curies":[{"name":"wp","href":"https:\/\/api.w.org\/{rel}","templated":true}]}}