{"id":1571,"date":"2019-02-07T15:16:21","date_gmt":"2019-02-07T15:16:21","guid":{"rendered":"http:\/\/lar.stranizavas.com\/?post_type=product&#038;p=1571"},"modified":"2025-05-24T10:01:32","modified_gmt":"2025-05-24T10:01:32","slug":"kolo-za-samokolnico-z-zracnico-4-80-4-00-8-komplet-z-osjo-5316","status":"publish","type":"product","link":"https:\/\/lar.si\/en\/trgovina\/kolo-za-samokolnico-z-zracnico-4-80-4-00-8-komplet-z-osjo-5316\/","title":{"rendered":"Kolo za samokolnico z zra\u010dnico 4.80\/4.00-8, komplet z osjo"},"content":{"rendered":"<p><strong>Kakovostna transportna kolesa z dolgo \u017eivljenjsko dobo.<\/strong><br \/>\n<strong>Kolo za samokolnico z zra\u010dnico 4.80\/4.00-8, komplet z osjo, nosilnost 170 kg.<\/strong><\/p>\n<p><strong>Tehni\u010dni podatki:<\/strong><br \/>\nPremer kolesa (fi): 350 mm<br \/>\n\u0160irina kolesa: 60 mm<br \/>\nIzvrtina za os: 12 mm<br \/>\nLe\u017eaj: drsni le\u017eaj<br \/>\nNosilnost po kolesu 170 kg<\/p>\n<p>&nbsp;<\/p>","protected":false},"excerpt":{"rendered":"<p>Kakovostna transportna kolesa z dolgo \u017eivljenjsko dobo. Kolo za samokolnico z zra\u010dnico 4.80\/4.00-8, komplet z osjo, nosilnost 170 kg. Tehni\u010dni podatki: Premer kolesa (fi): 350 mm \u0160irina kolesa: 60 mm Izvrtina za os: 12 mm Le\u017eaj: drsni le\u017eaj Nosilnost po kolesu 170 kg &nbsp;<\/p>","protected":false},"featured_media":5042,"template":"","meta":{"ocean_post_layout":"","ocean_both_sidebars_style":"","ocean_both_sidebars_content_width":0,"ocean_both_sidebars_sidebars_width":0,"ocean_sidebar":"","ocean_second_sidebar":"","ocean_disable_margins":"enable","ocean_add_body_class":"","ocean_shortcode_before_top_bar":"","ocean_shortcode_after_top_bar":"","ocean_shortcode_before_header":"","ocean_shortcode_after_header":"","ocean_has_shortcode":"","ocean_shortcode_after_title":"","ocean_shortcode_before_footer_widgets":"","ocean_shortcode_after_footer_widgets":"","ocean_shortcode_before_footer_bottom":"","ocean_shortcode_after_footer_bottom":"","ocean_display_top_bar":"default","ocean_display_header":"default","ocean_header_style":"","ocean_center_header_left_menu":"","ocean_custom_header_template":"","ocean_custom_logo":0,"ocean_custom_retina_logo":0,"ocean_custom_logo_max_width":0,"ocean_custom_logo_tablet_max_width":0,"ocean_custom_logo_mobile_max_width":0,"ocean_custom_logo_max_height":0,"ocean_custom_logo_tablet_max_height":0,"ocean_custom_logo_mobile_max_height":0,"ocean_header_custom_menu":"","ocean_menu_typo_font_family":"","ocean_menu_typo_font_subset":"","ocean_menu_typo_font_size":0,"ocean_menu_typo_font_size_tablet":0,"ocean_menu_typo_font_size_mobile":0,"ocean_menu_typo_font_size_unit":"px","ocean_menu_typo_font_weight":"","ocean_menu_typo_font_weight_tablet":"","ocean_menu_typo_font_weight_mobile":"","ocean_menu_typo_transform":"","ocean_menu_typo_transform_tablet":"","ocean_menu_typo_transform_mobile":"","ocean_menu_typo_line_height":0,"ocean_menu_typo_line_height_tablet":0,"ocean_menu_typo_line_height_mobile":0,"ocean_menu_typo_line_height_unit":"","ocean_menu_typo_spacing":0,"ocean_menu_typo_spacing_tablet":0,"ocean_menu_typo_spacing_mobile":0,"ocean_menu_typo_spacing_unit":"","ocean_menu_link_color":"","ocean_menu_link_color_hover":"","ocean_menu_link_color_active":"","ocean_menu_link_background":"","ocean_menu_link_hover_background":"","ocean_menu_link_active_background":"","ocean_menu_social_links_bg":"","ocean_menu_social_hover_links_bg":"","ocean_menu_social_links_color":"","ocean_menu_social_hover_links_color":"","ocean_disable_title":"default","ocean_disable_heading":"default","ocean_post_title":"","ocean_post_subheading":"","ocean_post_title_style":"","ocean_post_title_background_color":"","ocean_post_title_background":0,"ocean_post_title_bg_image_position":"","ocean_post_title_bg_image_attachment":"","ocean_post_title_bg_image_repeat":"","ocean_post_title_bg_image_size":"","ocean_post_title_height":0,"ocean_post_title_bg_overlay":0.5,"ocean_post_title_bg_overlay_color":"","ocean_disable_breadcrumbs":"default","ocean_breadcrumbs_color":"","ocean_breadcrumbs_separator_color":"","ocean_breadcrumbs_links_color":"","ocean_breadcrumbs_links_hover_color":"","ocean_display_footer_widgets":"default","ocean_display_footer_bottom":"default","ocean_custom_footer_template":""},"product_brand":[],"product_cat":[43,66,42],"product_tag":[],"class_list":{"0":"post-1571","1":"product","2":"type-product","3":"status-publish","4":"has-post-thumbnail","6":"product_cat-kolesa-s-pnevmatiko","7":"product_cat-material_obloge","8":"product_cat-transportna_kolesa","9":"pa_lezaj-bres-lezaja","10":"pa_nosilnost-101kg-200kg","11":"pa_premer_fi-350-mm","12":"pa_premer-fi-350-mm","14":"entry","15":"has-media","17":"first","18":"outofstock","19":"featured","20":"taxable","21":"shipping-taxable","22":"purchasable","23":"product-type-simple","24":"has-product-nav","25":"col","26":"span_1_of_3","27":"owp-content-center","28":"owp-thumbs-layout-horizontal","29":"owp-btn-normal","30":"owp-tabs-layout-horizontal","31":"has-no-thumbnails"},"_links":{"self":[{"href":"https:\/\/lar.si\/en\/wp-json\/wp\/v2\/product\/1571","targetHints":{"allow":["GET"]}}],"collection":[{"href":"https:\/\/lar.si\/en\/wp-json\/wp\/v2\/product"}],"about":[{"href":"https:\/\/lar.si\/en\/wp-json\/wp\/v2\/types\/product"}],"wp:featuredmedia":[{"embeddable":true,"href":"https:\/\/lar.si\/en\/wp-json\/wp\/v2\/media\/5042"}],"wp:attachment":[{"href":"https:\/\/lar.si\/en\/wp-json\/wp\/v2\/media?parent=1571"}],"wp:term":[{"taxonomy":"product_brand","embeddable":true,"href":"https:\/\/lar.si\/en\/wp-json\/wp\/v2\/product_brand?post=1571"},{"taxonomy":"product_cat","embeddable":true,"href":"https:\/\/lar.si\/en\/wp-json\/wp\/v2\/product_cat?post=1571"},{"taxonomy":"product_tag","embeddable":true,"href":"https:\/\/lar.si\/en\/wp-json\/wp\/v2\/product_tag?post=1571"}],"curies":[{"name":"wp","href":"https:\/\/api.w.org\/{rel}","templated":true}]}}