{"id":379,"date":"2018-01-14T19:53:10","date_gmt":"2018-01-14T19:53:10","guid":{"rendered":"http:\/\/tragrollen-lar.de\/?page_id=379"},"modified":"2025-05-22T16:09:41","modified_gmt":"2025-05-22T16:09:41","slug":"1-o-nas","status":"publish","type":"page","link":"https:\/\/lar.si\/en\/1-o-nas\/","title":{"rendered":"About us"},"content":{"rendered":"<div data-elementor-type=\"wp-post\" data-elementor-id=\"379\" class=\"elementor elementor-379\" data-elementor-post-type=\"page\">\n\t\t\t\t<div class=\"elementor-element elementor-element-2223539 e-flex e-con-boxed e-con e-parent\" data-id=\"2223539\" data-element_type=\"container\" data-e-type=\"container\">\n\t\t\t\t\t<div class=\"e-con-inner\">\n\t\t\t\t<div class=\"elementor-element elementor-element-e59dbda elementor-widget elementor-widget-text-editor\" data-id=\"e59dbda\" data-element_type=\"widget\" data-e-type=\"widget\" data-settings=\"{&quot;htmega_fe&quot;:&quot;no&quot;}\" data-widget_type=\"text-editor.default\">\n\t\t\t\t<div class=\"elementor-widget-container\">\n\t\t\t\t\t\t\t\t\t<p><strong>LAR TRANSPORTNI SISTEMI d.o.o.\u00a0<\/strong>\u00a0is a family-owned company. The company\u2019s tradition goes back years and its development through various organisational forms led to the present structure. From its beginnings in garages and households, the company has developed into a medium-sized company that employs working people who form a homogeneous team. Technically qualified salespeople are in constant contact with customers and even the most complex projects are a welcome challenge that helps our further development.<\/p><p>In year 2022, we took over the sales and production program of MURATECH d.o.o \u2013 automation and mechanical engineering company. MURATECH d.o.o has, through 30 years of history, managed, with its knowledge and experience, to gain various business partners in Slovenia, over Europe and abroad. With the merge, we acquired a team of people with whom LAR TRANSPORTNI SISTEMI d.o.o. continues the path of success and expands its development. With this step LAR TRANSPORTNI SISTEMI d.o.o. expands its sales portfolio with the production of complex transport lines. From now onwards, we can offer you complete turnkey solutions, to solve your logistics challenges.<\/p><p><strong>We are shaping\u00a0<\/strong>an entirely new path throughout the Slovenian and other markets, since we successfully connect our customers and our expert knowledge. We provide our customers with the assistance of verified and renowned foreign and domestic suppliers, quick response time and a very high level of products and services. With regard to this we do not rely solely on the superior quality of our product range but we also facilitate active participation in solving your problems and projects, while also providing support to the customer in achieving their goals.<\/p><p><strong>With a clear business vision<\/strong>and good knowledge of the problems allow us to offer the client a solution to any problem at any time. Even the most complex projects are a welcome challenge that helps our further development providing us with a new motive for the work we are doing.<\/p><p><strong>A high level of organisation\u00a0<\/strong>and good knowledge of the problems allow us to offer the client a solution to any problem at any time. Even the most complex projects are a welcome challenge that helps our further development providing us with a new motive for the work we are doing.<\/p><p><strong>You can rest assured<\/strong>that you can always count on our professional assistance and know-how and that we will always lend an ear and provide proper advice which is priceless.<\/p><p><strong>Continuous care\u00a0<\/strong>for customer satisfaction which is achieved on a partnership basis and with the help of invaluable personal contact broadens the circle of customers that endorse us.<\/p><p><strong>The great responsibility\u00a0<\/strong>with regards to the trust shown to us is a big challenge for every new day, new project or new problem that we will help you solve.<\/p><p><strong>We look forward\u00a0<\/strong>to cooperating with you\u2014feel free to explore and verify everything we\u2019ve shared so far.\n<\/br><\/br>\nCompany LAR TRANSPORTNI SISTEMI d.o.o. is general importer for company R\u00e4der-Vogel for transport and forklift wheels for Slovenia, Croatia, Bosnia and Hercegovina, Serbia, Montenegro, Macedonia and for company AVO.<\/p><p>The Staff of LAR TRANSPORTNI SISTEMI d.o.o.<\/p>\t\t\t\t\t\t\t\t<\/div>\n\t\t\t\t<\/div>\n\t\t\t\t\t<\/div>\n\t\t\t\t<\/div>\n\t\t\t\t<\/div>","protected":false},"excerpt":{"rendered":"<p>LAR TRANSPORTNI SISTEMI d.o.o.\u00a0\u00a0je dru\u017einsko podjetje in ima urejen status nasledstva. Tradicija tega podjetja sega \u017ee leta nazaj in njegov razvoj, skozi razli\u010dne organizacijske oblike, ga je pripeljal do sedanje organiziranosti. Od svojih za\u010detkov in vse do danes, se je podjetje razvilo v srednje veliko podjetje. Na\u0161i tehni\u010dno usposobljeni komercialisti so na terenu v nenehnem [&hellip;]<\/p>\n","protected":false},"author":1,"featured_media":0,"parent":0,"menu_order":0,"comment_status":"closed","ping_status":"closed","template":"","meta":{"ocean_post_layout":"","ocean_both_sidebars_style":"","ocean_both_sidebars_content_width":0,"ocean_both_sidebars_sidebars_width":0,"ocean_sidebar":"","ocean_second_sidebar":"","ocean_disable_margins":"enable","ocean_add_body_class":"","ocean_shortcode_before_top_bar":"","ocean_shortcode_after_top_bar":"","ocean_shortcode_before_header":"","ocean_shortcode_after_header":"","ocean_has_shortcode":"","ocean_shortcode_after_title":"","ocean_shortcode_before_footer_widgets":"","ocean_shortcode_after_footer_widgets":"","ocean_shortcode_before_footer_bottom":"","ocean_shortcode_after_footer_bottom":"","ocean_display_top_bar":"default","ocean_display_header":"default","ocean_header_style":"","ocean_center_header_left_menu":"","ocean_custom_header_template":"","ocean_custom_logo":0,"ocean_custom_retina_logo":0,"ocean_custom_logo_max_width":0,"ocean_custom_logo_tablet_max_width":0,"ocean_custom_logo_mobile_max_width":0,"ocean_custom_logo_max_height":0,"ocean_custom_logo_tablet_max_height":0,"ocean_custom_logo_mobile_max_height":0,"ocean_header_custom_menu":"","ocean_menu_typo_font_family":"","ocean_menu_typo_font_subset":"","ocean_menu_typo_font_size":0,"ocean_menu_typo_font_size_tablet":0,"ocean_menu_typo_font_size_mobile":0,"ocean_menu_typo_font_size_unit":"px","ocean_menu_typo_font_weight":"","ocean_menu_typo_font_weight_tablet":"","ocean_menu_typo_font_weight_mobile":"","ocean_menu_typo_transform":"","ocean_menu_typo_transform_tablet":"","ocean_menu_typo_transform_mobile":"","ocean_menu_typo_line_height":0,"ocean_menu_typo_line_height_tablet":0,"ocean_menu_typo_line_height_mobile":0,"ocean_menu_typo_line_height_unit":"","ocean_menu_typo_spacing":0,"ocean_menu_typo_spacing_tablet":0,"ocean_menu_typo_spacing_mobile":0,"ocean_menu_typo_spacing_unit":"","ocean_menu_link_color":"","ocean_menu_link_color_hover":"","ocean_menu_link_color_active":"","ocean_menu_link_background":"","ocean_menu_link_hover_background":"","ocean_menu_link_active_background":"","ocean_menu_social_links_bg":"","ocean_menu_social_hover_links_bg":"","ocean_menu_social_links_color":"","ocean_menu_social_hover_links_color":"","ocean_disable_title":"default","ocean_disable_heading":"default","ocean_post_title":"","ocean_post_subheading":"","ocean_post_title_style":"","ocean_post_title_background_color":"","ocean_post_title_background":0,"ocean_post_title_bg_image_position":"","ocean_post_title_bg_image_attachment":"","ocean_post_title_bg_image_repeat":"","ocean_post_title_bg_image_size":"","ocean_post_title_height":0,"ocean_post_title_bg_overlay":0.5,"ocean_post_title_bg_overlay_color":"","ocean_disable_breadcrumbs":"default","ocean_breadcrumbs_color":"","ocean_breadcrumbs_separator_color":"","ocean_breadcrumbs_links_color":"","ocean_breadcrumbs_links_hover_color":"","ocean_display_footer_widgets":"default","ocean_display_footer_bottom":"default","ocean_custom_footer_template":"","footnotes":""},"class_list":["post-379","page","type-page","status-publish","hentry","entry","owp-thumbs-layout-horizontal","owp-btn-normal","owp-tabs-layout-horizontal","has-no-thumbnails","has-product-nav"],"_links":{"self":[{"href":"https:\/\/lar.si\/en\/wp-json\/wp\/v2\/pages\/379","targetHints":{"allow":["GET"]}}],"collection":[{"href":"https:\/\/lar.si\/en\/wp-json\/wp\/v2\/pages"}],"about":[{"href":"https:\/\/lar.si\/en\/wp-json\/wp\/v2\/types\/page"}],"author":[{"embeddable":true,"href":"https:\/\/lar.si\/en\/wp-json\/wp\/v2\/users\/1"}],"replies":[{"embeddable":true,"href":"https:\/\/lar.si\/en\/wp-json\/wp\/v2\/comments?post=379"}],"version-history":[{"count":0,"href":"https:\/\/lar.si\/en\/wp-json\/wp\/v2\/pages\/379\/revisions"}],"wp:attachment":[{"href":"https:\/\/lar.si\/en\/wp-json\/wp\/v2\/media?parent=379"}],"curies":[{"name":"wp","href":"https:\/\/api.w.org\/{rel}","templated":true}]}}