{"id":2101,"date":"2020-05-14T11:25:02","date_gmt":"2020-05-14T11:25:02","guid":{"rendered":"https:\/\/lar.si\/?post_type=product&#038;p=2101"},"modified":"2025-05-24T10:02:10","modified_gmt":"2025-05-24T10:02:10","slug":"kolo-poliuretan-37a-125x30mm-s-fiksno-plosco-kroglicni-lezaj","status":"publish","type":"product","link":"https:\/\/lar.si\/de\/trgovina\/kolo-poliuretan-37a-125x30mm-s-fiksno-plosco-kroglicni-lezaj\/","title":{"rendered":"Kolo poliuretan 37A; 125x30mm, s fiksno plo\u0161\u010do, krogli\u010dni le\u017eaj"},"content":{"rendered":"<p><strong>Kakovostna transportna industrijska kolesa, z dolgo \u017eivljenjsko dobo, proizvedena v Evropi.<\/strong><br \/>\n<strong>Kolo poliuretan, s fiksno plo\u0161\u010do , krogli\u010dni le\u017eaj, nosilnost po kolesu 170 kg.<\/strong><\/p>\n<p><strong>Tehni\u010dni podatki:<\/strong><br \/>\nPremer kolesa (fi): 125 mm<br \/>\n\u0160irina kolesa: 30 mm<br \/>\nSkupna vi\u0161ina: 155 mm<br \/>\nDimenzija plo\u0161\u010de: 100 x 85 mm<br \/>\nLe\u017eaj: krogli\u010dni le\u017eaj<br \/>\nNosilnost po kolesu: 170 kg<\/p>","protected":false},"excerpt":{"rendered":"<p>Kakovostna transportna industrijska kolesa, z dolgo \u017eivljenjsko dobo, proizvedena v Evropi. Kolo poliuretan, s fiksno plo\u0161\u010do , krogli\u010dni le\u017eaj, nosilnost po kolesu 170 kg. Tehni\u010dni podatki: Premer kolesa (fi): 125 mm \u0160irina kolesa: 30 mm Skupna vi\u0161ina: 155 mm Dimenzija plo\u0161\u010de: 100 x 85 mm Le\u017eaj: krogli\u010dni le\u017eaj Nosilnost po kolesu: 170 kg<\/p>","protected":false},"featured_media":5074,"template":"","meta":{"ocean_post_layout":"","ocean_both_sidebars_style":"","ocean_both_sidebars_content_width":0,"ocean_both_sidebars_sidebars_width":0,"ocean_sidebar":"","ocean_second_sidebar":"","ocean_disable_margins":"enable","ocean_add_body_class":"","ocean_shortcode_before_top_bar":"","ocean_shortcode_after_top_bar":"","ocean_shortcode_before_header":"","ocean_shortcode_after_header":"","ocean_has_shortcode":"","ocean_shortcode_after_title":"","ocean_shortcode_before_footer_widgets":"","ocean_shortcode_after_footer_widgets":"","ocean_shortcode_before_footer_bottom":"","ocean_shortcode_after_footer_bottom":"","ocean_display_top_bar":"default","ocean_display_header":"default","ocean_header_style":"","ocean_center_header_left_menu":"","ocean_custom_header_template":"","ocean_custom_logo":0,"ocean_custom_retina_logo":0,"ocean_custom_logo_max_width":0,"ocean_custom_logo_tablet_max_width":0,"ocean_custom_logo_mobile_max_width":0,"ocean_custom_logo_max_height":0,"ocean_custom_logo_tablet_max_height":0,"ocean_custom_logo_mobile_max_height":0,"ocean_header_custom_menu":"","ocean_menu_typo_font_family":"","ocean_menu_typo_font_subset":"","ocean_menu_typo_font_size":0,"ocean_menu_typo_font_size_tablet":0,"ocean_menu_typo_font_size_mobile":0,"ocean_menu_typo_font_size_unit":"px","ocean_menu_typo_font_weight":"","ocean_menu_typo_font_weight_tablet":"","ocean_menu_typo_font_weight_mobile":"","ocean_menu_typo_transform":"","ocean_menu_typo_transform_tablet":"","ocean_menu_typo_transform_mobile":"","ocean_menu_typo_line_height":0,"ocean_menu_typo_line_height_tablet":0,"ocean_menu_typo_line_height_mobile":0,"ocean_menu_typo_line_height_unit":"","ocean_menu_typo_spacing":0,"ocean_menu_typo_spacing_tablet":0,"ocean_menu_typo_spacing_mobile":0,"ocean_menu_typo_spacing_unit":"","ocean_menu_link_color":"","ocean_menu_link_color_hover":"","ocean_menu_link_color_active":"","ocean_menu_link_background":"","ocean_menu_link_hover_background":"","ocean_menu_link_active_background":"","ocean_menu_social_links_bg":"","ocean_menu_social_hover_links_bg":"","ocean_menu_social_links_color":"","ocean_menu_social_hover_links_color":"","ocean_disable_title":"default","ocean_disable_heading":"default","ocean_post_title":"","ocean_post_subheading":"","ocean_post_title_style":"","ocean_post_title_background_color":"","ocean_post_title_background":0,"ocean_post_title_bg_image_position":"","ocean_post_title_bg_image_attachment":"","ocean_post_title_bg_image_repeat":"","ocean_post_title_bg_image_size":"","ocean_post_title_height":0,"ocean_post_title_bg_overlay":0.5,"ocean_post_title_bg_overlay_color":"","ocean_disable_breadcrumbs":"default","ocean_breadcrumbs_color":"","ocean_breadcrumbs_separator_color":"","ocean_breadcrumbs_links_color":"","ocean_breadcrumbs_links_hover_color":"","ocean_display_footer_widgets":"default","ocean_display_footer_bottom":"default","ocean_custom_footer_template":""},"product_brand":[],"product_cat":[66,52,42],"product_tag":[],"class_list":{"0":"post-2101","1":"product","2":"type-product","3":"status-publish","4":"has-post-thumbnail","6":"product_cat-material_obloge","7":"product_cat-poliuretan","8":"product_cat-transportna_kolesa","9":"pa_lezaj-kroglicni","10":"pa_nosilnost-101kg-200kg","11":"pa_premer_fi-125-mm","13":"entry","14":"has-media","16":"first","17":"instock","18":"taxable","19":"shipping-taxable","20":"purchasable","21":"product-type-simple","22":"has-product-nav","23":"col","24":"span_1_of_3","25":"owp-content-center","26":"owp-thumbs-layout-horizontal","27":"owp-btn-normal","28":"owp-tabs-layout-horizontal","29":"has-no-thumbnails"},"_links":{"self":[{"href":"https:\/\/lar.si\/de\/wp-json\/wp\/v2\/product\/2101","targetHints":{"allow":["GET"]}}],"collection":[{"href":"https:\/\/lar.si\/de\/wp-json\/wp\/v2\/product"}],"about":[{"href":"https:\/\/lar.si\/de\/wp-json\/wp\/v2\/types\/product"}],"wp:featuredmedia":[{"embeddable":true,"href":"https:\/\/lar.si\/de\/wp-json\/wp\/v2\/media\/5074"}],"wp:attachment":[{"href":"https:\/\/lar.si\/de\/wp-json\/wp\/v2\/media?parent=2101"}],"wp:term":[{"taxonomy":"product_brand","embeddable":true,"href":"https:\/\/lar.si\/de\/wp-json\/wp\/v2\/product_brand?post=2101"},{"taxonomy":"product_cat","embeddable":true,"href":"https:\/\/lar.si\/de\/wp-json\/wp\/v2\/product_cat?post=2101"},{"taxonomy":"product_tag","embeddable":true,"href":"https:\/\/lar.si\/de\/wp-json\/wp\/v2\/product_tag?post=2101"}],"curies":[{"name":"wp","href":"https:\/\/api.w.org\/{rel}","templated":true}]}}