{"id":1546,"date":"2019-02-07T14:13:08","date_gmt":"2019-02-07T14:13:08","guid":{"rendered":"http:\/\/lar.stranizavas.com\/?post_type=product&#038;p=1546"},"modified":"2025-05-24T10:01:24","modified_gmt":"2025-05-24T10:01:24","slug":"poliamidno-kolo-z-vrtljivo-plosco-100x32mm","status":"publish","type":"product","link":"https:\/\/lar.si\/de\/trgovina\/poliamidno-kolo-z-vrtljivo-plosco-100x32mm\/","title":{"rendered":"Kolo poliamid 100x32mm, z vrtljivo plo\u0161\u010do, krogli\u010dni le\u017eaj"},"content":{"rendered":"<p><strong>Kakovostna transportna industrijska kolesa, z dolgo \u017eivljenjsko dobo, proizvedena v Evropi.<\/strong><br \/>\n<strong>Poliamidno kolo z vrtljivo plo\u0161\u010do , nosilnost po kolesu 150 kg.<\/strong><\/p>\n<p><strong>Tehni\u010dni podatki:<\/strong><br \/>\nPremer kolesa (fi): 100 mm<br \/>\n\u0160irina kolesa: 32 mm<br \/>\nSkupna vi\u0161ina: 125 mm<br \/>\nDimenzija plo\u0161\u010de: 105 x 85 mm<br \/>\nLe\u017eaj: krogli\u010dni<br \/>\nNosilnost po kolesu: 150 kg<\/p>","protected":false},"excerpt":{"rendered":"<p>Kakovostna transportna industrijska kolesa, z dolgo \u017eivljenjsko dobo, proizvedena v Evropi. Poliamidno kolo z vrtljivo plo\u0161\u010do , nosilnost po kolesu 150 kg. Tehni\u010dni podatki: Premer kolesa (fi): 100 mm \u0160irina kolesa: 32 mm Skupna vi\u0161ina: 125 mm Dimenzija plo\u0161\u010de: 105 x 85 mm Le\u017eaj: krogli\u010dni Nosilnost po kolesu: 150 kg<\/p>","protected":false},"featured_media":5032,"template":"","meta":[],"product_brand":[],"product_cat":[42],"product_tag":[],"class_list":{"0":"post-1546","1":"product","2":"type-product","3":"status-publish","4":"has-post-thumbnail","6":"product_cat-transportna_kolesa","7":"pa_lezaj-kroglicni","8":"pa_nosilnost-101kg-200kg","9":"pa_premer_fi-100-mm","10":"pa_premer-fi-100-mm","12":"entry","13":"has-media","15":"first","16":"outofstock","17":"taxable","18":"shipping-taxable","19":"purchasable","20":"product-type-simple","21":"has-product-nav","22":"col","23":"span_1_of_3","24":"owp-content-center","25":"owp-thumbs-layout-horizontal","26":"owp-btn-normal","27":"owp-tabs-layout-horizontal"},"_links":{"self":[{"href":"https:\/\/lar.si\/de\/wp-json\/wp\/v2\/product\/1546","targetHints":{"allow":["GET"]}}],"collection":[{"href":"https:\/\/lar.si\/de\/wp-json\/wp\/v2\/product"}],"about":[{"href":"https:\/\/lar.si\/de\/wp-json\/wp\/v2\/types\/product"}],"wp:featuredmedia":[{"embeddable":true,"href":"https:\/\/lar.si\/de\/wp-json\/wp\/v2\/media\/5032"}],"wp:attachment":[{"href":"https:\/\/lar.si\/de\/wp-json\/wp\/v2\/media?parent=1546"}],"wp:term":[{"taxonomy":"product_brand","embeddable":true,"href":"https:\/\/lar.si\/de\/wp-json\/wp\/v2\/product_brand?post=1546"},{"taxonomy":"product_cat","embeddable":true,"href":"https:\/\/lar.si\/de\/wp-json\/wp\/v2\/product_cat?post=1546"},{"taxonomy":"product_tag","embeddable":true,"href":"https:\/\/lar.si\/de\/wp-json\/wp\/v2\/product_tag?post=1546"}],"curies":[{"name":"wp","href":"https:\/\/api.w.org\/{rel}","templated":true}]}}